{"id":6576,"date":"2024-09-10T15:00:15","date_gmt":"2024-09-10T15:00:15","guid":{"rendered":"https:\/\/spearhead.coffee\/?page_id=6576"},"modified":"2024-09-19T08:22:43","modified_gmt":"2024-09-19T08:22:43","slug":"formular-de-retur","status":"publish","type":"page","link":"https:\/\/spearhead.coffee\/en\/formular-de-retur\/","title":{"rendered":"Return Form"},"content":{"rendered":"<div data-elementor-type=\"wp-page\" data-elementor-id=\"6576\" class=\"elementor elementor-6576\" data-elementor-post-type=\"page\">\n\t\t\t\t\t\t<section class=\"elementor-section elementor-top-section elementor-element elementor-element-dd89df8 elementor-section-boxed elementor-section-height-default elementor-section-height-default\" data-id=\"dd89df8\" data-element_type=\"section\">\n\t\t\t\t\t\t<div class=\"elementor-container elementor-column-gap-default\">\n\t\t\t\t\t<div class=\"elementor-column elementor-col-100 elementor-top-column elementor-element elementor-element-2121001\" data-id=\"2121001\" data-element_type=\"column\">\n\t\t\t<div class=\"elementor-widget-wrap elementor-element-populated\">\n\t\t\t\t\t\t<div class=\"elementor-element elementor-element-3d46df6 elementor-widget elementor-widget-heading\" data-id=\"3d46df6\" data-element_type=\"widget\" data-widget_type=\"heading.default\">\n\t\t\t\t<div class=\"elementor-widget-container\">\n\t\t\t<style>\/*! elementor - v3.22.0 - 26-06-2024 *\/\n.elementor-heading-title{padding:0;margin:0;line-height:1}.elementor-widget-heading .elementor-heading-title[class*=elementor-size-]>a{color:inherit;font-size:inherit;line-height:inherit}.elementor-widget-heading .elementor-heading-title.elementor-size-small{font-size:15px}.elementor-widget-heading .elementor-heading-title.elementor-size-medium{font-size:19px}.elementor-widget-heading .elementor-heading-title.elementor-size-large{font-size:29px}.elementor-widget-heading .elementor-heading-title.elementor-size-xl{font-size:39px}.elementor-widget-heading .elementor-heading-title.elementor-size-xxl{font-size:59px}<\/style><h2 class=\"elementor-heading-title elementor-size-default\">Return Form<\/h2>\t\t<\/div>\n\t\t\t\t<\/div>\n\t\t\t\t\t<\/div>\n\t\t<\/div>\n\t\t\t\t\t<\/div>\n\t\t<\/section>\n\t\t\t\t<section class=\"elementor-section elementor-top-section elementor-element elementor-element-2443cd6 elementor-section-boxed elementor-section-height-default elementor-section-height-default\" data-id=\"2443cd6\" data-element_type=\"section\">\n\t\t\t\t\t\t<div class=\"elementor-container elementor-column-gap-default\">\n\t\t\t\t\t<div class=\"elementor-column elementor-col-100 elementor-top-column elementor-element elementor-element-5d836a03\" data-id=\"5d836a03\" data-element_type=\"column\">\n\t\t\t<div class=\"elementor-widget-wrap elementor-element-populated\">\n\t\t\t\t\t\t<div class=\"elementor-element elementor-element-285cd660 elementor-widget elementor-widget-text-editor\" data-id=\"285cd660\" data-element_type=\"widget\" data-widget_type=\"text-editor.default\">\n\t\t\t\t<div class=\"elementor-widget-container\">\n\t\t\t<style>\/*! elementor - v3.22.0 - 26-06-2024 *\/\n.elementor-widget-text-editor.elementor-drop-cap-view-stacked .elementor-drop-cap{background-color:#69727d;color:#fff}.elementor-widget-text-editor.elementor-drop-cap-view-framed .elementor-drop-cap{color:#69727d;border:3px solid;background-color:transparent}.elementor-widget-text-editor:not(.elementor-drop-cap-view-default) .elementor-drop-cap{margin-top:8px}.elementor-widget-text-editor:not(.elementor-drop-cap-view-default) .elementor-drop-cap-letter{width:1em;height:1em}.elementor-widget-text-editor .elementor-drop-cap{float:left;text-align:center;line-height:1;font-size:50px}.elementor-widget-text-editor .elementor-drop-cap-letter{display:inline-block}<\/style>\t\t\t\t<p><b>\u00a0<\/b><\/p><p><b>To resolve your return requests, please access and complete all the necessary information in the form available\u00a0<\/b><a href=\"https:\/\/7pkcq7lne40.typeform.com\/to\/FFx2iZyX\" target=\"_blank\" rel=\"noopener\">here<\/a><b>.<\/b><\/p><p style=\"font-weight: 400;\">Before submitting the form, please ensure that you have read and understood the <a href=\"https:\/\/spearhead.coffee\/en\/termenii-si-conditii\/\">Terms and Conditions<\/a> regarding the eligibility of products accepted for return and the methods by which this can be done.<\/p><p style=\"font-weight: 400;\">We mention the following essential aspects:<\/p><p>The value of a product can be refunded to the buyer within <strong>14 days either online or physically in the store from which the product was bought<\/strong>, under the following conditions:<\/p><p>- The returned product must be accompanied by the original purchase receipt (fiscal receipt).<\/p><p>- Coffee and food products can only be returned in their original unopened packaging.<\/p><p>The returned product must be in the same condition as it was delivered. Products showing physical alterations, signs of excessive use, and\/or unauthorized interventions, etc., are not accepted for return. For health protection or hygiene reasons, coffee and other food products purchased remotely are not accepted for return if the products have been unsealed.\u00a0<\/p><p>If these conditions are met, Spearhead Coffee website will refund the value of the products within a maximum of 14 days, exclusively to the card account from which the payment was made.<\/p><p style=\"font-weight: 400;\">From the moment we receive your request, we will respond with a solution to the provided email address within 1-2 business days.<\/p><p style=\"font-weight: 400;\">Spearhead Coffee thanks you for your purchase.<\/p>\t\t\t\t\t\t<\/div>\n\t\t\t\t<\/div>\n\t\t\t\t\t<\/div>\n\t\t<\/div>\n\t\t\t\t\t<\/div>\n\t\t<\/section>\n\t\t\t\t<\/div>","protected":false},"excerpt":{"rendered":"<p>Formular de Retur \u00a0 Pentru a solu\u021biona cererile dvs de retur, v\u0103 rug\u0103m s\u0103 accesa\u021bi \u0219i completa\u021bi toate informa\u021biile necesare din formularul disponibil\u00a0aici. \u00cenainte de a transmite formularul, v\u0103 rug\u0103m s\u0103 v\u0103 asigura\u021bi c\u0103 a\u021bi citit \u0219i \u00een\u021beles Termenii \u0219i Condi\u021biile publicate referitoare la eligibilitatea produselor acceptate pentru retur \u0219i modalit\u0103\u021bile prin care se poate [&hellip;]<\/p>","protected":false},"author":5,"featured_media":0,"parent":0,"menu_order":0,"comment_status":"closed","ping_status":"closed","template":"","meta":{"_acf_changed":false,"inline_featured_image":false,"site-sidebar-layout":"no-sidebar","site-content-layout":"","ast-site-content-layout":"full-width-container","site-content-style":"default","site-sidebar-style":"default","ast-global-header-display":"","ast-banner-title-visibility":"","ast-main-header-display":"","ast-hfb-above-header-display":"","ast-hfb-below-header-display":"","ast-hfb-mobile-header-display":"","site-post-title":"disabled","ast-breadcrumbs-content":"","ast-featured-img":"disabled","footer-sml-layout":"","theme-transparent-header-meta":"default","adv-header-id-meta":"","stick-header-meta":"","header-above-stick-meta":"","header-main-stick-meta":"","header-below-stick-meta":"","astra-migrate-meta-layouts":"set","ast-page-background-enabled":"default","ast-page-background-meta":{"desktop":{"background-color":"","background-image":"","background-repeat":"repeat","background-position":"center center","background-size":"auto","background-attachment":"scroll","background-type":"","background-media":"","overlay-type":"","overlay-color":"","overlay-gradient":""},"tablet":{"background-color":"","background-image":"","background-repeat":"repeat","background-position":"center center","background-size":"auto","background-attachment":"scroll","background-type":"","background-media":"","overlay-type":"","overlay-color":"","overlay-gradient":""},"mobile":{"background-color":"","background-image":"","background-repeat":"repeat","background-position":"center center","background-size":"auto","background-attachment":"scroll","background-type":"","background-media":"","overlay-type":"","overlay-color":"","overlay-gradient":""}},"ast-content-background-meta":{"desktop":{"background-color":"var(--ast-global-color-5)","background-image":"","background-repeat":"repeat","background-position":"center center","background-size":"auto","background-attachment":"scroll","background-type":"","background-media":"","overlay-type":"","overlay-color":"","overlay-gradient":""},"tablet":{"background-color":"var(--ast-global-color-5)","background-image":"","background-repeat":"repeat","background-position":"center center","background-size":"auto","background-attachment":"scroll","background-type":"","background-media":"","overlay-type":"","overlay-color":"","overlay-gradient":""},"mobile":{"background-color":"var(--ast-global-color-5)","background-image":"","background-repeat":"repeat","background-position":"center center","background-size":"auto","background-attachment":"scroll","background-type":"","background-media":"","overlay-type":"","overlay-color":"","overlay-gradient":""}},"footnotes":""},"class_list":["post-6576","page","type-page","status-publish","hentry"],"acf":[],"_links":{"self":[{"href":"https:\/\/spearhead.coffee\/en\/wp-json\/wp\/v2\/pages\/6576","targetHints":{"allow":["GET"]}}],"collection":[{"href":"https:\/\/spearhead.coffee\/en\/wp-json\/wp\/v2\/pages"}],"about":[{"href":"https:\/\/spearhead.coffee\/en\/wp-json\/wp\/v2\/types\/page"}],"author":[{"embeddable":true,"href":"https:\/\/spearhead.coffee\/en\/wp-json\/wp\/v2\/users\/5"}],"replies":[{"embeddable":true,"href":"https:\/\/spearhead.coffee\/en\/wp-json\/wp\/v2\/comments?post=6576"}],"version-history":[{"count":57,"href":"https:\/\/spearhead.coffee\/en\/wp-json\/wp\/v2\/pages\/6576\/revisions"}],"predecessor-version":[{"id":6761,"href":"https:\/\/spearhead.coffee\/en\/wp-json\/wp\/v2\/pages\/6576\/revisions\/6761"}],"wp:attachment":[{"href":"https:\/\/spearhead.coffee\/en\/wp-json\/wp\/v2\/media?parent=6576"}],"curies":[{"name":"wp","href":"https:\/\/api.w.org\/{rel}","templated":true}]}}